{"id":1053,"date":"2016-12-06T15:17:50","date_gmt":"2016-12-06T14:17:50","guid":{"rendered":"http:\/\/sequoia-md.com\/accueil\/"},"modified":"2017-04-22T16:26:56","modified_gmt":"2017-04-22T14:26:56","slug":"accueil","status":"publish","type":"page","link":"https:\/\/sequoia-md.com\/en\/","title":{"rendered":"Home"},"content":{"rendered":"","protected":false},"excerpt":{"rendered":"","protected":false},"author":1,"featured_media":1064,"parent":0,"menu_order":0,"comment_status":"closed","ping_status":"closed","template":"template-accueil.php","meta":{"_exactmetrics_skip_tracking":false,"_exactmetrics_sitenote_active":false,"_exactmetrics_sitenote_note":"","_exactmetrics_sitenote_category":0,"footnotes":""},"acf":[],"yoast_head":"<!-- This site is optimized with the Yoast SEO plugin v20.13 - https:\/\/yoast.com\/wordpress\/plugins\/seo\/ -->\n<title>Home - Sequoia MD<\/title>\n<meta name=\"description\" content=\"La menuiserie S\u00e9quoia r\u00e9alise des projets d&#039;agencement et de d\u00e9coration que ce soit pour des \u00e9tablissements publics, mus\u00e9es, collectivit\u00e9s ou du mobilier de design personnalis\u00e9\" \/>\n<meta name=\"robots\" content=\"index, follow, max-snippet:-1, max-image-preview:large, max-video-preview:-1\" \/>\n<link rel=\"canonical\" href=\"https:\/\/sequoia-md.com\/en\/\" \/>\n<meta property=\"og:locale\" content=\"en_US\" \/>\n<meta property=\"og:type\" content=\"article\" \/>\n<meta property=\"og:title\" content=\"Home - Sequoia MD\" \/>\n<meta property=\"og:description\" content=\"La menuiserie S\u00e9quoia r\u00e9alise des projets d&#039;agencement et de d\u00e9coration que ce soit pour des \u00e9tablissements publics, mus\u00e9es, collectivit\u00e9s ou du mobilier de design personnalis\u00e9\" \/>\n<meta property=\"og:url\" content=\"https:\/\/sequoia-md.com\/en\/\" \/>\n<meta property=\"og:site_name\" content=\"Sequoia MD\" \/>\n<meta property=\"article:modified_time\" content=\"2017-04-22T14:26:56+00:00\" \/>\n<meta property=\"og:image\" content=\"https:\/\/sequoia-md.com\/wp-content\/uploads\/2016\/12\/exterieur.jpg\" \/>\n\t<meta property=\"og:image:width\" content=\"1920\" \/>\n\t<meta property=\"og:image:height\" content=\"1440\" \/>\n\t<meta property=\"og:image:type\" content=\"image\/jpeg\" \/>\n<meta name=\"twitter:card\" content=\"summary_large_image\" \/>\n<script type=\"application\/ld+json\" class=\"yoast-schema-graph\">{\"@context\":\"https:\/\/schema.org\",\"@graph\":[{\"@type\":\"WebPage\",\"@id\":\"https:\/\/sequoia-md.com\/en\/\",\"url\":\"https:\/\/sequoia-md.com\/en\/\",\"name\":\"Home - Sequoia MD\",\"isPartOf\":{\"@id\":\"https:\/\/sequoia-md.com\/#website\"},\"datePublished\":\"2016-12-06T14:17:50+00:00\",\"dateModified\":\"2017-04-22T14:26:56+00:00\",\"description\":\"La menuiserie S\u00e9quoia r\u00e9alise des projets d'agencement et de d\u00e9coration que ce soit pour des \u00e9tablissements publics, mus\u00e9es, collectivit\u00e9s ou du mobilier de design personnalis\u00e9\",\"breadcrumb\":{\"@id\":\"https:\/\/sequoia-md.com\/en\/#breadcrumb\"},\"inLanguage\":\"en-US\",\"potentialAction\":[{\"@type\":\"ReadAction\",\"target\":[\"https:\/\/sequoia-md.com\/en\/\"]}]},{\"@type\":\"BreadcrumbList\",\"@id\":\"https:\/\/sequoia-md.com\/en\/#breadcrumb\",\"itemListElement\":[{\"@type\":\"ListItem\",\"position\":1,\"name\":\"Accueil\",\"item\":\"https:\/\/sequoia-md.com\/en\/\"},{\"@type\":\"ListItem\",\"position\":2,\"name\":\"Home\"}]},{\"@type\":\"WebSite\",\"@id\":\"https:\/\/sequoia-md.com\/#website\",\"url\":\"https:\/\/sequoia-md.com\/\",\"name\":\"Sequoia MD\",\"description\":\"\",\"potentialAction\":[{\"@type\":\"SearchAction\",\"target\":{\"@type\":\"EntryPoint\",\"urlTemplate\":\"https:\/\/sequoia-md.com\/?s={search_term_string}\"},\"query-input\":\"required name=search_term_string\"}],\"inLanguage\":\"en-US\"}]}<\/script>\n<!-- \/ Yoast SEO plugin. -->","yoast_head_json":{"title":"Home - Sequoia MD","description":"La menuiserie S\u00e9quoia r\u00e9alise des projets d'agencement et de d\u00e9coration que ce soit pour des \u00e9tablissements publics, mus\u00e9es, collectivit\u00e9s ou du mobilier de design personnalis\u00e9","robots":{"index":"index","follow":"follow","max-snippet":"max-snippet:-1","max-image-preview":"max-image-preview:large","max-video-preview":"max-video-preview:-1"},"canonical":"https:\/\/sequoia-md.com\/en\/","og_locale":"en_US","og_type":"article","og_title":"Home - Sequoia MD","og_description":"La menuiserie S\u00e9quoia r\u00e9alise des projets d'agencement et de d\u00e9coration que ce soit pour des \u00e9tablissements publics, mus\u00e9es, collectivit\u00e9s ou du mobilier de design personnalis\u00e9","og_url":"https:\/\/sequoia-md.com\/en\/","og_site_name":"Sequoia MD","article_modified_time":"2017-04-22T14:26:56+00:00","og_image":[{"width":1920,"height":1440,"url":"https:\/\/sequoia-md.com\/wp-content\/uploads\/2016\/12\/exterieur.jpg","type":"image\/jpeg"}],"twitter_card":"summary_large_image","schema":{"@context":"https:\/\/schema.org","@graph":[{"@type":"WebPage","@id":"https:\/\/sequoia-md.com\/en\/","url":"https:\/\/sequoia-md.com\/en\/","name":"Home - Sequoia MD","isPartOf":{"@id":"https:\/\/sequoia-md.com\/#website"},"datePublished":"2016-12-06T14:17:50+00:00","dateModified":"2017-04-22T14:26:56+00:00","description":"La menuiserie S\u00e9quoia r\u00e9alise des projets d'agencement et de d\u00e9coration que ce soit pour des \u00e9tablissements publics, mus\u00e9es, collectivit\u00e9s ou du mobilier de design personnalis\u00e9","breadcrumb":{"@id":"https:\/\/sequoia-md.com\/en\/#breadcrumb"},"inLanguage":"en-US","potentialAction":[{"@type":"ReadAction","target":["https:\/\/sequoia-md.com\/en\/"]}]},{"@type":"BreadcrumbList","@id":"https:\/\/sequoia-md.com\/en\/#breadcrumb","itemListElement":[{"@type":"ListItem","position":1,"name":"Accueil","item":"https:\/\/sequoia-md.com\/en\/"},{"@type":"ListItem","position":2,"name":"Home"}]},{"@type":"WebSite","@id":"https:\/\/sequoia-md.com\/#website","url":"https:\/\/sequoia-md.com\/","name":"Sequoia MD","description":"","potentialAction":[{"@type":"SearchAction","target":{"@type":"EntryPoint","urlTemplate":"https:\/\/sequoia-md.com\/?s={search_term_string}"},"query-input":"required name=search_term_string"}],"inLanguage":"en-US"}]}},"_links":{"self":[{"href":"https:\/\/sequoia-md.com\/en\/wp-json\/wp\/v2\/pages\/1053"}],"collection":[{"href":"https:\/\/sequoia-md.com\/en\/wp-json\/wp\/v2\/pages"}],"about":[{"href":"https:\/\/sequoia-md.com\/en\/wp-json\/wp\/v2\/types\/page"}],"author":[{"embeddable":true,"href":"https:\/\/sequoia-md.com\/en\/wp-json\/wp\/v2\/users\/1"}],"replies":[{"embeddable":true,"href":"https:\/\/sequoia-md.com\/en\/wp-json\/wp\/v2\/comments?post=1053"}],"version-history":[{"count":2,"href":"https:\/\/sequoia-md.com\/en\/wp-json\/wp\/v2\/pages\/1053\/revisions"}],"predecessor-version":[{"id":1273,"href":"https:\/\/sequoia-md.com\/en\/wp-json\/wp\/v2\/pages\/1053\/revisions\/1273"}],"wp:featuredmedia":[{"embeddable":true,"href":"https:\/\/sequoia-md.com\/en\/wp-json\/wp\/v2\/media\/1064"}],"wp:attachment":[{"href":"https:\/\/sequoia-md.com\/en\/wp-json\/wp\/v2\/media?parent=1053"}],"curies":[{"name":"wp","href":"https:\/\/api.w.org\/{rel}","templated":true}]}}